{"id":407,"date":"2020-01-24T08:40:37","date_gmt":"2020-01-24T08:40:37","guid":{"rendered":"http:\/\/www.palmbeach.codijobs.com\/groups\/"},"modified":"2023-07-18T11:45:02","modified_gmt":"2023-07-18T11:45:02","slug":"equipo","status":"publish","type":"page","link":"https:\/\/www.palmbeachclub.com\/fr\/equipo\/","title":{"rendered":"El equipo"},"content":{"rendered":"<p>[vc_row css=\u00a0\u00bb.vc_custom_1579977330225{margin-top: -10px !important;}\u00a0\u00bb][vc_column][vc_column_text]La empresa abri\u00f3 sus puertas hace 40 a\u00f1os con el lanzamiento de la gesti\u00f3n de un peque\u00f1o porcentaje de apartamentos en el edificio, ahora ha crecido hasta gestionar m\u00e1s de 75. Trabajo duro y esfuerzo siempre han distinguido a cada miembro del staff que trabaja en nuestro equipo, \u00a1estamos seguros\u00a0de que\u00a0cuando los conozc\u00e1is pensar\u00e9is lo mismo!\u00a0<span style=\"font-family: Segoe UI Emoji, serif;\">\ud83d\ude0a<\/span> Con m\u00e1s de 40 a\u00f1os trabajando en el sector, definitivamente podemos decir que NOS ENCANTA LO QUE HACEMOS.[\/vc_column_text][vc_row_inner][vc_column_inner][vc_single_image image=\u00a0\u00bb1230&Prime; alignment=\u00a0\u00bbcenter\u00a0\u00bb style=\u00a0\u00bbvc_box_circle_2&Prime;][vc_column_text]<\/p>\n<h3 style=\"text-align: center;\">Rachel<\/h3>\n<p>Empez\u00f3 trabajando en la recepci\u00f3n de Palm Beach Club hace unos 35 a\u00f1os. Con experiencia previa en enfermer\u00eda, pero vocaci\u00f3n por el servicio y el trabajo duro top\u00f3 con su carrera en turismo y la hosteler\u00eda. Rachel termin\u00f3 por proyectar todos sus conocimientos, aprendizajes y experiencias al desarrollo de lo que ella, ciertamente, cre\u00eda que ser\u00eda su futuro.<\/p>\n<p>Escalando hasta posicionarse como directora de Apartamentos Palm Beach Club hace ya 30 a\u00f1os.<\/p>\n<p>Siempre trabajadora, alegre, sonriente, positiva, muy humana y conf\u00eda siempre en su intuici\u00f3n. Quien la conoce lo sabe. Su pasi\u00f3n es la resoluci\u00f3n de problemas, si no dais con ella seguramente est\u00e9 perdida en sus pensamientos o resolviendo sudokus. Ella es la base del esfuerzo y constancia que todo el equipo refleja d\u00eda a d\u00eda.[\/vc_column_text][vc_column_text]<\/p>\n<h3 style=\"text-align: center;\">Sof\u00eda &amp; Sara<\/h3>\n<p>Han crecido pasando las tardes en Palm Beach Club, jugando a ser recepcionistas, a ver qui\u00e9n hace la bomba m\u00e1s fuerte, haciendo amigos de todas partes del mundo en la piscina y finalmente aplicando todo lo aprendido trabajando en la recepci\u00f3n. Si sois clientes habituales habr\u00e9is tratado con ellas seguro en la recepci\u00f3n. M\u00e1s que un lugar de trabajo, Palm Beach es una segunda casa para ellas. Llevan Palm Beach en las venas, viviendo la evoluci\u00f3n desde dentro y desde fuera, no pod\u00eda ser de otra manera\u2026\u00a1tambi\u00e9n ten\u00edan que formar parte del equipo![\/vc_column_text][\/vc_column_inner][\/vc_row_inner][\/vc_column][\/vc_row][vc_row][vc_column width=\u00a0\u00bb1\/2&Prime;][vc_single_image image=\u00a0\u00bb1237&Prime; alignment=\u00a0\u00bbcenter\u00a0\u00bb style=\u00a0\u00bbvc_box_circle_2&Prime;][vc_column_text]<\/p>\n<h3 style=\"text-align: center;\">Sof\u00eda<\/h3>\n<p>Sof\u00eda se incorpor\u00f3 en 2018 al equipo, tras 10 a\u00f1os en Madrid y dejando atr\u00e1s su exitosa carrera en finanzas. Ahora emplea todo su esfuerzo en dirigir y seguir mejorando nuestros apartamentos junto a Rachel. Sof\u00eda nos muestra a diario que dejarse la piel es poco. Luchadora, cabezota, inconformista y constante en su manera de hacer las cosas, no pod\u00eda ser de otra manera. En su tiempo libre disfruta de jugar al voleibol playa, viajar, pasar tiempo en familia y con Hugo su bulldog ingl\u00e9s que es como un miembro m\u00e1s del equipo.[\/vc_column_text][\/vc_column][vc_column width=\u00a0\u00bb1\/2&Prime;][vc_single_image image=\u00a0\u00bb1240&Prime; alignment=\u00a0\u00bbcenter\u00a0\u00bb style=\u00a0\u00bbvc_box_circle_2&Prime;][vc_column_text]<\/p>\n<h3 style=\"text-align: center;\">Sara<\/h3>\n<p>La tercera pata para el banco, Sara, y \u00a1qu\u00e9 pata\u2026! Termin\u00f3 su carrera en Administraci\u00f3n de Empresas con especializaci\u00f3n en Marketing hace ya 5 a\u00f1os, durante los cuales ha estado dando vueltas a Espa\u00f1a trabajando para el sector de la organizaci\u00f3n de eventos en el mundo del motor.<br \/>\nSara lleg\u00f3 a Palm Beach para traer la modernizaci\u00f3n y digitalizaci\u00f3n que necesit\u00e1bamos. Es estructurada, organizada y con un gran ojo para lo visual y el dise\u00f1o. Ahora est\u00e1 a cargo de nuestra estrategia de Marketing a la vez que se adentra en el mundo de la programaci\u00f3n.[\/vc_column_text][\/vc_column][\/vc_row][vc_row][vc_column width=\u00a0\u00bb1\/2&Prime;][vc_single_image image=\u00a0\u00bb1245&Prime; alignment=\u00a0\u00bbcenter\u00a0\u00bb style=\u00a0\u00bbvc_box_circle_2&Prime;][vc_column_text]<\/p>\n<h3 style=\"text-align: center;\">Tomi<\/h3>\n<p>Nuestra \u00faltima incorporaci\u00f3n al equipo de recepci\u00f3n, Tomi se incorpora desde Casablanca y tiene un amplio bagaje en el sector hotelero y aunque lleva con nosotros menos tiempo ya se ha ganado un huequito en nuestros corazones. Siempre sonriente y servicial, dispuesto a hacer todo lo que est\u00e1 en su mano para que sonr\u00edas con \u00e9l.<\/p>\n<p>Muy profesional en cada una de sus tareas, yendo siempre un paso m\u00e1s all\u00e1 para traer nuevas ideas y posibles mejoras a la mesa. Fan de la calle Sevillana y la fiesta Torremolinera se la conoce como la palma de su mano.[\/vc_column_text][\/vc_column][\/vc_row][vc_row][vc_column width=\u00a0\u00bb1\/2&Prime;][vc_single_image image=\u00a0\u00bb1248&Prime; alignment=\u00a0\u00bbcenter\u00a0\u00bb style=\u00a0\u00bbvc_box_circle_2&Prime;][vc_column_text]<\/p>\n<h3 style=\"text-align: center;\">Mar\u00eda<\/h3>\n<p>A la cabeza de nuestro equipo de limpieza est\u00e1 Mar\u00eda, nuestra gobernanta. Pura energ\u00eda de la ma\u00f1ana a la tarde es muy meticulosa \u00a1no se le pasa ni una!<\/p>\n<p>Todos dependemos de ella; 100% confiable, gran organizadora, una l\u00edder muy humana y buena delegando.\u00a0Es fiel admiradora de su hijo, que es legionario y siempre anda en alg\u00fan rinc\u00f3n lejano del mundo. Ella, amante de su hogar, la decoraci\u00f3n y la cocina.[\/vc_column_text][\/vc_column][vc_column width=\u00a0\u00bb1\/2&Prime;][vc_single_image image=\u00a0\u00bb1251&Prime; alignment=\u00a0\u00bbcenter\u00a0\u00bb style=\u00a0\u00bbvc_box_circle_2&Prime;][vc_column_text]<\/p>\n<h3 style=\"text-align: center;\">Kerreigh<\/h3>\n<p><span style=\"color: #000000;\">Nuestro diamante en bruto, muy bruto, pero con corazoncito de oro. Es resolutiva, decidida, nervio puro, pero siempre dispuesta a echarte un cable. <\/span><\/p>\n<p><span style=\"color: #000000;\">Tiene dos hijas a las que dedica el resto de su tiempo libre y le encanta el reggaeton a toda pastilla.<\/span>[\/vc_column_text][\/vc_column][\/vc_row][vc_row][vc_column width=\u00a0\u00bb1\/2&Prime;][vc_single_image image=\u00a0\u00bb1274&Prime; alignment=\u00a0\u00bbcenter\u00a0\u00bb style=\u00a0\u00bbvc_box_circle_2&Prime;][vc_column_text]<\/p>\n<h3 style=\"text-align: center;\">Elena<\/h3>\n<p>Nuestra m\u00e1s reciente incorporaci\u00f3n y segunda italiana del equipo. \u00a1Aqu\u00ed somos de todos lados! Qu\u00e9 suerte tener a gente tan trabajadora y con tan buen rollo como Elena. Y es que aqu\u00ed lo que m\u00e1s nos importan son las personas.<br \/>\nAdem\u00e1s, si traes comida casera Italiana cada d\u00eda a comer como ella, siempre ser\u00e1s bienvenido.<br \/>\nTiene a sus hijos lejos, all\u00e1 por Italia pero no para un minuto de pensar en cuando ser\u00e1 su pr\u00f3xima visita.[\/vc_column_text][\/vc_column][\/vc_row]<\/p>\n","protected":false},"excerpt":{"rendered":"<p>[vc_row css=\u00a0\u00bb.vc_custom_1579977330225{margin-top: -10px !important;}\u00a0\u00bb][vc_column][vc_column_text]La empresa abri\u00f3 sus puertas hace 40 a\u00f1os con el lanzamiento de la gesti\u00f3n de un peque\u00f1o porcentaje de apartamentos en el edificio, ahora ha crecido hasta gestionar m\u00e1s de 75. Trabajo duro y esfuerzo siempre han distinguido a cada miembro del staff que trabaja en nuestro equipo, \u00a1estamos seguros\u00a0de que\u00a0cuando los [&hellip;]<\/p>\n","protected":false},"author":1,"featured_media":0,"parent":0,"menu_order":0,"comment_status":"closed","ping_status":"closed","template":"template-fullwidth.php","meta":{"footnotes":""},"_links":{"self":[{"href":"https:\/\/www.palmbeachclub.com\/fr\/wp-json\/wp\/v2\/pages\/407"}],"collection":[{"href":"https:\/\/www.palmbeachclub.com\/fr\/wp-json\/wp\/v2\/pages"}],"about":[{"href":"https:\/\/www.palmbeachclub.com\/fr\/wp-json\/wp\/v2\/types\/page"}],"author":[{"embeddable":true,"href":"https:\/\/www.palmbeachclub.com\/fr\/wp-json\/wp\/v2\/users\/1"}],"replies":[{"embeddable":true,"href":"https:\/\/www.palmbeachclub.com\/fr\/wp-json\/wp\/v2\/comments?post=407"}],"version-history":[{"count":3,"href":"https:\/\/www.palmbeachclub.com\/fr\/wp-json\/wp\/v2\/pages\/407\/revisions"}],"predecessor-version":[{"id":2623,"href":"https:\/\/www.palmbeachclub.com\/fr\/wp-json\/wp\/v2\/pages\/407\/revisions\/2623"}],"wp:attachment":[{"href":"https:\/\/www.palmbeachclub.com\/fr\/wp-json\/wp\/v2\/media?parent=407"}],"curies":[{"name":"wp","href":"https:\/\/api.w.org\/{rel}","templated":true}]}}