{"id":38,"date":"2016-02-22T15:56:02","date_gmt":"2016-02-22T15:56:02","guid":{"rendered":"http:\/\/www.cssigniter.com\/preview\/zermatt\/?page_id=38"},"modified":"2020-05-08T02:52:01","modified_gmt":"2020-05-08T02:52:01","slug":"habitaciones","status":"publish","type":"page","link":"https:\/\/www.palmbeachclub.com\/fr\/habitaciones\/","title":{"rendered":"Habitaciones"},"content":{"rendered":"<p>Palm Beach Club Apartamentos ofrece apartamentos y estudios distribuidos en las nueve plantas del edificio. Las plantas altas disfrutan, o bien de vistas a las preciosas monta\u00f1as y la costa Mediterr\u00e1nea, o bien de vistas al mar mediterr\u00e1neo y la bah\u00eda de La Carihuela.<\/p>\n<p>Los equipados y luminosos apartamentos y estudios tienen una cocina peque\u00f1a con todos los utensilios necesarios. Todas las habitaciones est\u00e1n preparadas con TV plasma que incluye canales sat\u00e9lite en Ingl\u00e9s y Holand\u00e9s, aire acondicionado y ventiladores de techo. Nuestras unidades Estudio con Balc\u00f3n incluyen una terraza privada.<\/p>\n<p>La propiedad ha sido reformada para ofrecer 25 unidades accesibles para sillas de ruedas, se pueden alquilar scooters y tenemos puntos de carga a tu disposici\u00f3n.<\/p>\n","protected":false},"excerpt":{"rendered":"<p>Palm Beach Club Apartamentos ofrece apartamentos y estudios distribuidos en las nueve plantas del edificio. Las plantas altas disfrutan, o bien de vistas a las preciosas monta\u00f1as y la costa Mediterr\u00e1nea, o bien de vistas al mar mediterr\u00e1neo y la bah\u00eda de La Carihuela. Los equipados y luminosos apartamentos y estudios tienen una cocina peque\u00f1a [&hellip;]<\/p>\n","protected":false},"author":1,"featured_media":0,"parent":0,"menu_order":0,"comment_status":"closed","ping_status":"closed","template":"template-listing-room.php","meta":{"footnotes":""},"_links":{"self":[{"href":"https:\/\/www.palmbeachclub.com\/fr\/wp-json\/wp\/v2\/pages\/38"}],"collection":[{"href":"https:\/\/www.palmbeachclub.com\/fr\/wp-json\/wp\/v2\/pages"}],"about":[{"href":"https:\/\/www.palmbeachclub.com\/fr\/wp-json\/wp\/v2\/types\/page"}],"author":[{"embeddable":true,"href":"https:\/\/www.palmbeachclub.com\/fr\/wp-json\/wp\/v2\/users\/1"}],"replies":[{"embeddable":true,"href":"https:\/\/www.palmbeachclub.com\/fr\/wp-json\/wp\/v2\/comments?post=38"}],"version-history":[{"count":0,"href":"https:\/\/www.palmbeachclub.com\/fr\/wp-json\/wp\/v2\/pages\/38\/revisions"}],"wp:attachment":[{"href":"https:\/\/www.palmbeachclub.com\/fr\/wp-json\/wp\/v2\/media?parent=38"}],"curies":[{"name":"wp","href":"https:\/\/api.w.org\/{rel}","templated":true}]}}