{"id":1713,"date":"2020-07-28T07:33:40","date_gmt":"2020-07-28T07:33:40","guid":{"rendered":"https:\/\/www.palmbeachclub.com\/?page_id=1713"},"modified":"2020-09-04T12:25:16","modified_gmt":"2020-09-04T12:25:16","slug":"procedimientos-covid-2020","status":"publish","type":"page","link":"https:\/\/www.palmbeachclub.com\/fr\/procedimientos-covid-2020\/","title":{"rendered":"Procedimientos e info COVID 2020"},"content":{"rendered":"<p><strong><u>NUESTRO COMPROMISO<\/u><\/strong><\/p>\n<p>En estos tiempos de incertidumbre, reserva directamente con nosotros con CONFIANZA. Aceptaremos cambios en todas las reservas realizadas desde el 1 de septiembre hasta el 31 de diciembre 2020 sin coste.<\/p>\n<p><strong><u>EMPRESAS ASEGURADORAS QUE CUBREN DURANTE EL PERIODO COVID-19<\/u><\/strong><\/p>\n<ol>\n<li>IATI escapadas: <a href=\"https:\/\/www.iatiseguros.com\/seguros-viaje\/23896\/seguro-de-viaje-covid-19-coronavirus-iati-escapadas\/\" target=\"_blank\" rel=\"noopener\">https:\/\/www.iatiseguros.com\/seguros-viaje\/23896\/seguro-de-viaje-covid-19-coronavirus-iati-escapadas\/<\/a><\/li>\n<li>CASER: <a href=\"https:\/\/www.caser.es\/seguro-de-viaje\/covid-19\" target=\"_blank\" rel=\"noopener\">https:\/\/www.caser.es\/seguro-de-viaje\/covid-19<\/a><\/li>\n<li>InterMundial:<a href=\"https:\/\/www.intermundial.es\/cobertura-covid19-viaje\" target=\"_blank\" rel=\"noopener\"> https:\/\/www.intermundial.es\/cobertura-covid19-viaje<\/a><\/li>\n<\/ol>\n<p><strong><u>PROCEDIMIENTOS Y RECOMENDACIONES DE CARA AL COVID-19<\/u><\/strong><\/p>\n<p>Ante la situaci\u00f3n sobrevenida por la crisis del Covid-19, en Palm Beach Club Apartamentos hemos desarrollado el siguiente procedimiento para minimizar el riesgo de contraer el virus para clientes y empleados. Hemos basado este protocolo en las siguientes premisas:<\/p>\n<ul>\n<li>Mantener seguros a clientes y empleados<\/li>\n<li>Reducir el contacto entre clientes y empleados<\/li>\n<li>Digitalizar todos los servicios y procesos que sean posibles<\/li>\n<li>Adaptarnos a las nuevas necesidades de los clientes, modificando nuestras condiciones de cancelaci\u00f3n y pago<\/li>\n<\/ul>\n<p>Basado en estos principios, las nuevas medidas de limpieza y distanciamiento social han sido desarrolladas para permitir una reapertura segura en la que todos podemos sentirnos seguros.<\/p>\n<p><strong><u>MEDIDAS DE LIMPIEZA E HIGIENE<\/u><\/strong><\/p>\n<p><strong>Nuevo equipamiento de limpieza:<\/strong> Hemos reforzado nuestro procedimiento de limpieza con la incorporaci\u00f3n de productos desinfectantes tales como diluci\u00f3n de lej\u00eda y Etanol con una concentraci\u00f3n mayor del 70%, tal y como recomiendan las autoridades sanitarias espa\u00f1olas.<\/p>\n<p><strong>Procedimiento de limpieza mejorado: <\/strong>El procedimiento de limpieza de los apartamentos se ha cambiado para asegurar el mayor nivel de higiene y desinfecci\u00f3n en las habitaciones. Extraemos de las habitaciones todos aquellos elementos que hayan podido estar en contacto con clientes, tales como basura, s\u00e1banas, toallas o productos alimenticios. Una vez hecho esto la habitaci\u00f3n es desinfectada, incluidas todas las superficies, el sof\u00e1, los mandos y los estantes. \u00a0Seguidamente los empleados usan equipo PPE nuevo y lo \u00faltimo que hacen es hacer las camas con s\u00e1banas y colocar las toallas.<\/p>\n<p><strong>PPE :<\/strong> Todos los empleados disponen del equipo PPE adecuado. Siempre deber\u00e1n llevar guantes y mascarilla en las habitaciones.<\/p>\n<p><strong>Procedimiento de lavander\u00eda:<\/strong> Todas las s\u00e1banas y las toallas han sido lavadas a una temperatura superior a 60\u00baC.<\/p>\n<p><strong>Sistemas de aire acondicionado:<\/strong> Limpieza concienzuda entre estancias con limpieza de los filtros de aire acondicionado en cada salida.<\/p>\n<p><strong>Reducci\u00f3n de textiles y menaje de cocina:<\/strong> \u00a0Hemos reducido el n\u00famero de textiles de decoraci\u00f3n en los apartamentos, dejando solo cortinas y cojines del sof\u00e1. Tambi\u00e9n hemos reducido el menaje de la cocina a los utensilios b\u00e1sicos, pero siempre puede pedirnos cualquier cosa que necesite y lo pondremos a su disposici\u00f3n.<\/p>\n<p><strong>Servicio de limpieza de habitaciones:<\/strong> Normalmente la limpieza de habitaciones se realiza cada tres d\u00edas y cambiamos las s\u00e1banas una vez a la semana. Entendemos que muchos clientes preferir\u00e1n no tener servicio de limpieza durante su estancia en estos momentos, por lo que le rogamos que contacte con recepci\u00f3n en caso de querer tener servicio de limpieza. \u00a0Por favor, tenga en cuenta que deben abandonar la habitaci\u00f3n dado que los empleados no podr\u00e1n entrar en caso de estar ocupada.<\/p>\n<p><strong>Dispensadores:<\/strong> Disponemos de dispensadores de gel hidroalcoh\u00f3lico en la recepci\u00f3n, los ascensores y la piscina. Por favor, desinfecte sus manos con tanta frecuencia como sea posible.<\/p>\n<p><strong>Zona de la piscina: <\/strong>Se realiza una limpieza intensiva de la zona de la piscina antes de su apertura cada ma\u00f1ana. Todo el mobiliario y los ba\u00f1os son desinfectados para el uso de los clientes.<\/p>\n<p><strong><u>MEDIDAS DE DISTANCIAMIENTO SOCIAL<\/u><\/strong><\/p>\n<p><strong>Normas en las zonas comunes<\/strong>: Es necesario llevar mascarilla para protegerse a s\u00ed mismo y al resto de personas, as\u00ed como guardar 1.5 metros de distancia. Le pedimos que siga estas normas siempre que sea posible.<\/p>\n<p><strong>Ascensores<\/strong>: Los ascensores deben ser utilizados por miembros de la misma familia o del grupo de personas que cohabiten en un apartamento. Por favor, no suba en ascensor con clientes ajenos.<\/p>\n<p><strong>Mampara protectora:<\/strong> Disponemos de mampara protectora en la recepci\u00f3n, as\u00ed la interacci\u00f3n con los empleados es segura para todos.<\/p>\n<p><strong>Check-in autom\u00e1tico:<\/strong> Nuestra m\u00e1quina de check-in permite a nuestros clientes hacer la entrada sin contacto con nuestros empleados.<\/p>\n<p><strong>Piscina:<\/strong> El mobiliario de la piscina se ha colocado para permitir la distancia de 2 metros entre grupos distintos y para entrar y salir de manera segura tanto de la piscina como del recinto. Le pedimos que respete la colocaci\u00f3n del mobiliario. Tambi\u00e9n disponemos de productos desinfectantes en espray para utilizar sobre el mobiliario antes de su uso.<\/p>\n<p><strong><u>\u00bfC\u00f3mo afecta esto a su estancia? Se encontrar\u00e1 con cambios en\u2026<\/u><\/strong><\/p>\n<p><strong>Check-in<\/strong>: Le rogamos que realice el check-in de manera autom\u00e1tica a trav\u00e9s de la m\u00e1quina siempre que sea posible; el personal estar\u00e1 a su disposici\u00f3n y, en caso de no ser posible, le realizaremos el check-in como de costumbre.<\/p>\n<p><strong>Limpieza<\/strong>: Las zonas comunes reciben una limpieza intensiva 3 veces al d\u00eda. Si desea servicio de limpieza en las habitaciones debe comunicarlo en la recepci\u00f3n, que acordar\u00e1 c0n el cliente el tiempo en el que debe abandonar la habitaci\u00f3n para su limpieza.<\/p>\n<p><strong>Mantenimiento<\/strong>: En caso de que hay alguna incidencia de mantenimiento en su apartamento, debe abandonar este para que el personal pueda entrar.<\/p>\n<p><strong>Piscina: <\/strong>\u00a0La nueva capacidad de la piscina es de 80 personas, por lo que no supone problema alguno. Aun as\u00ed, se deben respetar las medidas de distanciamiento social as\u00ed como la disposici\u00f3n de las hamacas separadas por 2 metros y el uso de desinfectantes antes del uso de las mismas.<\/p>\n<p>Agradecemos su cooperaci\u00f3n.<\/p>\n<p>Sof\u00eda Gonz\u00e1lez Burgin<\/p>\n<p><u>Manager Palm Beach Club Apartamentos<\/u><\/p>\n","protected":false},"excerpt":{"rendered":"<p>NUESTRO COMPROMISO En estos tiempos de incertidumbre, reserva directamente con nosotros con CONFIANZA. Aceptaremos cambios en todas las reservas realizadas desde el 1 de septiembre hasta el 31 de diciembre 2020 sin coste. EMPRESAS ASEGURADORAS QUE CUBREN DURANTE EL PERIODO COVID-19 IATI escapadas: https:\/\/www.iatiseguros.com\/seguros-viaje\/23896\/seguro-de-viaje-covid-19-coronavirus-iati-escapadas\/ CASER: https:\/\/www.caser.es\/seguro-de-viaje\/covid-19 InterMundial: https:\/\/www.intermundial.es\/cobertura-covid19-viaje PROCEDIMIENTOS Y RECOMENDACIONES DE CARA AL COVID-19 [&hellip;]<\/p>\n","protected":false},"author":4,"featured_media":0,"parent":0,"menu_order":0,"comment_status":"closed","ping_status":"closed","template":"template-fullwidth.php","meta":{"footnotes":""},"_links":{"self":[{"href":"https:\/\/www.palmbeachclub.com\/fr\/wp-json\/wp\/v2\/pages\/1713"}],"collection":[{"href":"https:\/\/www.palmbeachclub.com\/fr\/wp-json\/wp\/v2\/pages"}],"about":[{"href":"https:\/\/www.palmbeachclub.com\/fr\/wp-json\/wp\/v2\/types\/page"}],"author":[{"embeddable":true,"href":"https:\/\/www.palmbeachclub.com\/fr\/wp-json\/wp\/v2\/users\/4"}],"replies":[{"embeddable":true,"href":"https:\/\/www.palmbeachclub.com\/fr\/wp-json\/wp\/v2\/comments?post=1713"}],"version-history":[{"count":5,"href":"https:\/\/www.palmbeachclub.com\/fr\/wp-json\/wp\/v2\/pages\/1713\/revisions"}],"predecessor-version":[{"id":1744,"href":"https:\/\/www.palmbeachclub.com\/fr\/wp-json\/wp\/v2\/pages\/1713\/revisions\/1744"}],"wp:attachment":[{"href":"https:\/\/www.palmbeachclub.com\/fr\/wp-json\/wp\/v2\/media?parent=1713"}],"curies":[{"name":"wp","href":"https:\/\/api.w.org\/{rel}","templated":true}]}}